{"id":165,"date":"2025-11-06T13:09:51","date_gmt":"2025-11-06T13:09:51","guid":{"rendered":"https:\/\/hodinovakamaradka.cz\/?page_id=165"},"modified":"2025-12-02T19:09:20","modified_gmt":"2025-12-02T19:09:20","slug":"faq","status":"publish","type":"page","link":"https:\/\/hodinovakamaradka.cz\/index.php\/faq\/","title":{"rendered":"FAQ"},"content":{"rendered":"\t\t<div data-elementor-type=\"wp-page\" data-elementor-id=\"165\" class=\"elementor elementor-165\">\n\t\t\t\t<div class=\"elementor-element elementor-element-73b4ce00 e-con-full e-flex e-con e-parent\" data-id=\"73b4ce00\" data-element_type=\"container\" data-e-type=\"container\" data-settings=\"{&quot;background_background&quot;:&quot;classic&quot;}\">\n\t\t\t\t<div class=\"elementor-element elementor-element-20e28cf9 elementor-widget elementor-widget-heading\" data-id=\"20e28cf9\" data-element_type=\"widget\" data-e-type=\"widget\" data-widget_type=\"heading.default\">\n\t\t\t\t\t<h2 class=\"elementor-heading-title elementor-size-default\">FAQ<\/h2>\t\t\t\t<\/div>\n\t\t\t\t<\/div>\n\t\t<div class=\"elementor-element elementor-element-6b29ace e-flex e-con-boxed elementor-invisible e-con e-parent\" data-id=\"6b29ace\" data-element_type=\"container\" data-e-type=\"container\" data-settings=\"{&quot;animation&quot;:&quot;fadeIn&quot;}\">\n\t\t\t\t\t<div class=\"e-con-inner\">\n\t\t\t\t<div class=\"elementor-element elementor-element-4e2a4bbf elementor-widget elementor-widget-text-editor\" data-id=\"4e2a4bbf\" data-element_type=\"widget\" data-e-type=\"widget\" data-widget_type=\"text-editor.default\">\n\t\t\t\t\t\t\t\t\t<h1 style=\"text-align: center;\">Je to terapie?<\/h1><p style=\"text-align: center;\">\u200bNe. Nejsem terapeut ani psycholog.Jsem profesion\u00e1ln\u00ed kamar\u00e1dka \u2013 \u010dlov\u011bk vedle tebe, kter\u00fd t\u011b vyslechne, nastav\u00ed zrcadlo, podr\u017e\u00ed a pom\u016f\u017ee rozh\u00fdbat, co stoj\u00ed.\u200bM\u00e1m zku\u0161enosti z vlastn\u00edho \u017eivota, cit pro lidi a z\u00e1rove\u0148 i vzd\u011bl\u00e1n\u00ed \u2013 jsem certifikovan\u00fd energy coach.\u200bTo znamen\u00e1, \u017ee dok\u00e1\u017eu pracovat i s tvou energi\u00ed, vnit\u0159n\u00edm nastaven\u00edm a t\u00edm, co t\u011b na hlub\u0161\u00ed \u00farovni ovliv\u0148uje. Ale po\u0159\u00e1d z\u016fst\u00e1v\u00e1m hlavn\u011b t\u00edm, kdo t\u011b vn\u00edm\u00e1 lidsky \u2013 ne shora, ale vedle tebe.<\/p><p style=\"text-align: center;\">\u200b<\/p><h1 style=\"text-align: center;\">\u200b\u200bCo kdy\u017e nev\u00edm, co p\u0159esn\u011b chci \u0159e\u0161it?\u200b<\/h1><p style=\"text-align: center;\">To je naprosto v po\u0159\u00e1dku.M\u016f\u017ee\u0161 p\u0159ij\u00edt s pocitem zmatku, frustrace, \u00fanavy nebo \u201en\u011bco je \u0161patn\u011b a nev\u00edm co\u201c. Pom\u016f\u017eu ti se v tom zorientovat \u2013 nejde o v\u00fdkon, ale o to b\u00fdt spolu a rozpl\u00e9st, co zrovna pot\u0159ebuje pozornost.<\/p><p style=\"text-align: center;\">\u200b<\/p><h1 style=\"text-align: center;\">\u200b\u200bD\u011bl\u00e1\u0161 i \u201epraktick\u00e9 v\u011bci\u201c, nebo jen mluv\u00ed\u0161?<\/h1><p style=\"text-align: center;\">\u200bD\u011bl\u00e1m oboje.M\u016f\u017eeme si pov\u00eddat, ale m\u016f\u017eeme i vyrazit ven, uklidit, j\u00edt nakupovat, zacvi\u010dit si, zorganizovat dom\u00e1cnost nebo \u0159e\u0161it v\u011bci krok po kroku. V\u0161e podle toho, co pot\u0159ebuje\u0161 \u2013 a co ti opravdu pom\u016f\u017ee.<\/p><h1 style=\"text-align: center;\">M\u016f\u017eu s tebou ml\u010det?<\/h1><p style=\"text-align: center;\">Ano. A pr\u00e1v\u011b to \u010dasto b\u00fdv\u00e1 nejl\u00e9\u010div\u011bj\u0161\u00ed.Nemus\u00edme po\u0159\u00e1d mluvit \u2013 sta\u010d\u00ed b\u00fdt. U k\u00e1vy, v tichu, na proch\u00e1zce. N\u011bkdy sta\u010d\u00ed v\u011bd\u011bt, \u017ee n\u011bkdo je tam s tebou.<\/p><p style=\"text-align: center;\">\u200b<\/p><h1 style=\"text-align: center;\">Je to pro mu\u017ee i \u017eeny?<\/h1><p style=\"text-align: center;\">Ano. Pracuji s mu\u017ei i \u017eenami.V\u00edt\u00e1m ka\u017ed\u00e9ho, kdo se chce posunout, zastavit, zorientovat \u2013 nebo prost\u011b jen neb\u00fdt s\u00e1m.\u200b<\/p><h1 style=\"text-align: center;\">M\u016f\u017eeme se potkat online?<\/h1><p style=\"text-align: center;\">V p\u0159\u00edpad\u011b pot\u0159eby ano \u2013 ale d\u00e1v\u00e1m p\u0159ednost osobn\u00edmu setk\u00e1n\u00ed.V\u011b\u0159\u00edm v s\u00edlu lidsk\u00e9ho kontaktu. Mluvit z o\u010d\u00ed do o\u010d\u00ed, j\u00edt spolu ven, nebo si jen sednout vedle sebe \u2013 to je n\u011bco, co obrazovka nenahrad\u00ed.\u200b<\/p><p style=\"text-align: center;\">\u200b<\/p><h1 style=\"text-align: center;\">Jak \u010dasto se m\u016f\u017eeme v\u00eddat?<\/h1><p style=\"text-align: center;\">To z\u00e1le\u017e\u00ed na domluv\u011b. N\u011bkdy sta\u010d\u00ed jedno setk\u00e1n\u00ed, jindy m\u00e1 spolupr\u00e1ce pravideln\u00fd rytmus \u2013 t\u0159eba 1\u00d7 t\u00fddn\u011b. Nab\u00edz\u00edm i intenzivn\u00ed VIP \u010dlenstv\u00ed, kde jsem ti k dispozici \u010dast\u011bji. Prvn\u00ed krok je \u00favodn\u00ed konzultace zdarma \u2013 tam zjist\u00edme, co d\u00e1v\u00e1 smysl.\u200b\u200b\u200b\u200b\u200b\u200b<\/p><p style=\"text-align: center;\">\u200b<\/p><h1 style=\"text-align: center;\">Pom\u016f\u017ee\u0161 mi \u201evy\u0159e\u0161it \u017eivot\u201c?<\/h1><p style=\"text-align: center;\">Ne. Ale pom\u016f\u017eu ti se k n\u011bmu postavit.<\/p><p style=\"text-align: center;\">Uk\u00e1\u017eu ti, \u017ee to zvl\u00e1dne\u0161 \u2013 po sv\u00e9m, ve sv\u00e9m tempu, bez p\u0159etv\u00e1\u0159ky. Nebudu to \u0159e\u0161it za tebe, ale p\u016fjdu s tebou.<\/p>\t\t\t\t\t\t\t\t<\/div>\n\t\t\t\t\t<\/div>\n\t\t\t\t<\/div>\n\t\t<div class=\"elementor-element elementor-element-735a219 e-flex e-con-boxed e-con e-parent\" data-id=\"735a219\" data-element_type=\"container\" data-e-type=\"container\">\n\t\t\t\t\t<div class=\"e-con-inner\">\n\t\t\t\t<div class=\"elementor-element elementor-element-b9694dd elementor-widget elementor-widget-text-editor\" data-id=\"b9694dd\" data-element_type=\"widget\" data-e-type=\"widget\" data-widget_type=\"text-editor.default\">\n\t\t\t\t\t\t\t\t\t<h1 style=\"text-align: center;\">Nena\u0161el si odpov\u011b\u010f na svou ot\u00e1zku?<\/h1>\t\t\t\t\t\t\t\t<\/div>\n\t\t\t\t\t<\/div>\n\t\t\t\t<\/div>\n\t\t<div class=\"elementor-element elementor-element-2045187 e-con-full e-flex e-con e-parent\" data-id=\"2045187\" data-element_type=\"container\" data-e-type=\"container\">\n\t\t<div class=\"elementor-element elementor-element-68a9da2 e-con-full e-flex e-con e-child\" data-id=\"68a9da2\" data-element_type=\"container\" data-e-type=\"container\">\n\t\t\t\t<div class=\"elementor-element elementor-element-3558f75 elementor-view-default elementor-widget elementor-widget-icon\" data-id=\"3558f75\" data-element_type=\"widget\" data-e-type=\"widget\" data-widget_type=\"icon.default\">\n\t\t\t\t\t\t\t<div class=\"elementor-icon-wrapper\">\n\t\t\t<div class=\"elementor-icon\">\n\t\t\t<svg aria-hidden=\"true\" class=\"e-font-icon-svg e-fas-mail-bulk\" viewBox=\"0 0 576 512\" xmlns=\"http:\/\/www.w3.org\/2000\/svg\"><path d=\"M160 448c-25.6 0-51.2-22.4-64-32-64-44.8-83.2-60.8-96-70.4V480c0 17.67 14.33 32 32 32h256c17.67 0 32-14.33 32-32V345.6c-12.8 9.6-32 25.6-96 70.4-12.8 9.6-38.4 32-64 32zm128-192H32c-17.67 0-32 14.33-32 32v16c25.6 19.2 22.4 19.2 115.2 86.4 9.6 6.4 28.8 25.6 44.8 25.6s35.2-19.2 44.8-22.4c92.8-67.2 89.6-67.2 115.2-86.4V288c0-17.67-14.33-32-32-32zm256-96H224c-17.67 0-32 14.33-32 32v32h96c33.21 0 60.59 25.42 63.71 57.82l.29-.22V416h192c17.67 0 32-14.33 32-32V192c0-17.67-14.33-32-32-32zm-32 128h-64v-64h64v64zm-352-96c0-35.29 28.71-64 64-64h224V32c0-17.67-14.33-32-32-32H96C78.33 0 64 14.33 64 32v192h96v-32z\"><\/path><\/svg>\t\t\t<\/div>\n\t\t<\/div>\n\t\t\t\t\t\t<\/div>\n\t\t\t\t<div class=\"elementor-element elementor-element-cf99765 elementor-widget elementor-widget-text-editor\" data-id=\"cf99765\" data-element_type=\"widget\" data-e-type=\"widget\" data-widget_type=\"text-editor.default\">\n\t\t\t\t\t\t\t\t\t<h3 style=\"text-align: center;\">Napi\u0161 mi p\u0159es formul\u00e1\u0159<\/h3>\t\t\t\t\t\t\t\t<\/div>\n\t\t\t\t<\/div>\n\t\t<div class=\"elementor-element elementor-element-66be473 e-con-full e-flex e-con e-child\" data-id=\"66be473\" data-element_type=\"container\" data-e-type=\"container\">\n\t\t\t\t<div class=\"elementor-element elementor-element-4cf472a elementor-view-default elementor-widget elementor-widget-icon\" data-id=\"4cf472a\" data-element_type=\"widget\" data-e-type=\"widget\" data-widget_type=\"icon.default\">\n\t\t\t\t\t\t\t<div class=\"elementor-icon-wrapper\">\n\t\t\t<div class=\"elementor-icon\">\n\t\t\t<svg aria-hidden=\"true\" class=\"e-font-icon-svg e-far-envelope\" viewBox=\"0 0 512 512\" xmlns=\"http:\/\/www.w3.org\/2000\/svg\"><path d=\"M464 64H48C21.49 64 0 85.49 0 112v288c0 26.51 21.49 48 48 48h416c26.51 0 48-21.49 48-48V112c0-26.51-21.49-48-48-48zm0 48v40.805c-22.422 18.259-58.168 46.651-134.587 106.49-16.841 13.247-50.201 45.072-73.413 44.701-23.208.375-56.579-31.459-73.413-44.701C106.18 199.465 70.425 171.067 48 152.805V112h416zM48 400V214.398c22.914 18.251 55.409 43.862 104.938 82.646 21.857 17.205 60.134 55.186 103.062 54.955 42.717.231 80.509-37.199 103.053-54.947 49.528-38.783 82.032-64.401 104.947-82.653V400H48z\"><\/path><\/svg>\t\t\t<\/div>\n\t\t<\/div>\n\t\t\t\t\t\t<\/div>\n\t\t\t\t<div class=\"elementor-element elementor-element-5d1a402 elementor-widget elementor-widget-text-editor\" data-id=\"5d1a402\" data-element_type=\"widget\" data-e-type=\"widget\" data-widget_type=\"text-editor.default\">\n\t\t\t\t\t\t\t\t\t<h3 style=\"text-align: center;\">Napi\u0161 mi p\u0159es email<\/h3>\t\t\t\t\t\t\t\t<\/div>\n\t\t\t\t<\/div>\n\t\t<div class=\"elementor-element elementor-element-7d4b386 e-con-full elementor-hidden-mobile e-flex elementor-invisible e-con e-child\" data-id=\"7d4b386\" data-element_type=\"container\" data-e-type=\"container\" data-settings=\"{&quot;animation&quot;:&quot;zoomIn&quot;}\">\n\t\t\t\t<div class=\"elementor-element elementor-element-e53b13e elementor-widget elementor-widget-image\" data-id=\"e53b13e\" data-element_type=\"widget\" data-e-type=\"widget\" data-widget_type=\"image.default\">\n\t\t\t\t\t\t\t\t\t\t\t\t\t\t\t<img fetchpriority=\"high\" decoding=\"async\" width=\"376\" height=\"280\" src=\"https:\/\/hodinovakamaradka.cz\/wp-content\/uploads\/2025\/11\/logo_bez_textu_modre-1.avif\" class=\"attachment-large size-large wp-image-260\" alt=\"\" srcset=\"https:\/\/hodinovakamaradka.cz\/wp-content\/uploads\/2025\/11\/logo_bez_textu_modre-1.avif 376w, https:\/\/hodinovakamaradka.cz\/wp-content\/uploads\/2025\/11\/logo_bez_textu_modre-1-300x223.avif 300w\" sizes=\"(max-width: 376px) 100vw, 376px\" \/>\t\t\t\t\t\t\t\t\t\t\t\t\t\t\t<\/div>\n\t\t\t\t<\/div>\n\t\t<div class=\"elementor-element elementor-element-dc608d6 e-con-full e-flex e-con e-child\" data-id=\"dc608d6\" data-element_type=\"container\" data-e-type=\"container\">\n\t\t\t\t<div class=\"elementor-element elementor-element-3f2c91f elementor-view-default elementor-widget elementor-widget-icon\" data-id=\"3f2c91f\" data-element_type=\"widget\" data-e-type=\"widget\" data-widget_type=\"icon.default\">\n\t\t\t\t\t\t\t<div class=\"elementor-icon-wrapper\">\n\t\t\t<div class=\"elementor-icon\">\n\t\t\t<svg aria-hidden=\"true\" class=\"e-font-icon-svg e-fab-facebook-f\" viewBox=\"0 0 320 512\" xmlns=\"http:\/\/www.w3.org\/2000\/svg\"><path d=\"M279.14 288l14.22-92.66h-88.91v-60.13c0-25.35 12.42-50.06 52.24-50.06h40.42V6.26S260.43 0 225.36 0c-73.22 0-121.08 44.38-121.08 124.72v70.62H22.89V288h81.39v224h100.17V288z\"><\/path><\/svg>\t\t\t<\/div>\n\t\t<\/div>\n\t\t\t\t\t\t<\/div>\n\t\t\t\t<div class=\"elementor-element elementor-element-2b187f5 elementor-widget elementor-widget-text-editor\" data-id=\"2b187f5\" data-element_type=\"widget\" data-e-type=\"widget\" data-widget_type=\"text-editor.default\">\n\t\t\t\t\t\t\t\t\t<h3 style=\"text-align: center;\">Napi\u0161 mi na Facebook<\/h3>\t\t\t\t\t\t\t\t<\/div>\n\t\t\t\t<\/div>\n\t\t<div class=\"elementor-element elementor-element-314006c e-con-full e-flex e-con e-child\" data-id=\"314006c\" data-element_type=\"container\" data-e-type=\"container\">\n\t\t\t\t<div class=\"elementor-element elementor-element-4d6ddbd elementor-view-default elementor-widget elementor-widget-icon\" data-id=\"4d6ddbd\" data-element_type=\"widget\" data-e-type=\"widget\" data-widget_type=\"icon.default\">\n\t\t\t\t\t\t\t<div class=\"elementor-icon-wrapper\">\n\t\t\t<div class=\"elementor-icon\">\n\t\t\t<svg aria-hidden=\"true\" class=\"e-font-icon-svg e-fab-instagram\" viewBox=\"0 0 448 512\" xmlns=\"http:\/\/www.w3.org\/2000\/svg\"><path d=\"M224.1 141c-63.6 0-114.9 51.3-114.9 114.9s51.3 114.9 114.9 114.9S339 319.5 339 255.9 287.7 141 224.1 141zm0 189.6c-41.1 0-74.7-33.5-74.7-74.7s33.5-74.7 74.7-74.7 74.7 33.5 74.7 74.7-33.6 74.7-74.7 74.7zm146.4-194.3c0 14.9-12 26.8-26.8 26.8-14.9 0-26.8-12-26.8-26.8s12-26.8 26.8-26.8 26.8 12 26.8 26.8zm76.1 27.2c-1.7-35.9-9.9-67.7-36.2-93.9-26.2-26.2-58-34.4-93.9-36.2-37-2.1-147.9-2.1-184.9 0-35.8 1.7-67.6 9.9-93.9 36.1s-34.4 58-36.2 93.9c-2.1 37-2.1 147.9 0 184.9 1.7 35.9 9.9 67.7 36.2 93.9s58 34.4 93.9 36.2c37 2.1 147.9 2.1 184.9 0 35.9-1.7 67.7-9.9 93.9-36.2 26.2-26.2 34.4-58 36.2-93.9 2.1-37 2.1-147.8 0-184.8zM398.8 388c-7.8 19.6-22.9 34.7-42.6 42.6-29.5 11.7-99.5 9-132.1 9s-102.7 2.6-132.1-9c-19.6-7.8-34.7-22.9-42.6-42.6-11.7-29.5-9-99.5-9-132.1s-2.6-102.7 9-132.1c7.8-19.6 22.9-34.7 42.6-42.6 29.5-11.7 99.5-9 132.1-9s102.7-2.6 132.1 9c19.6 7.8 34.7 22.9 42.6 42.6 11.7 29.5 9 99.5 9 132.1s2.7 102.7-9 132.1z\"><\/path><\/svg>\t\t\t<\/div>\n\t\t<\/div>\n\t\t\t\t\t\t<\/div>\n\t\t\t\t<div class=\"elementor-element elementor-element-bf2dcf2 elementor-widget elementor-widget-text-editor\" data-id=\"bf2dcf2\" data-element_type=\"widget\" data-e-type=\"widget\" data-widget_type=\"text-editor.default\">\n\t\t\t\t\t\t\t\t\t<h3 style=\"text-align: center;\">Napi\u0161 mi na Instagram<\/h3>\t\t\t\t\t\t\t\t<\/div>\n\t\t\t\t<\/div>\n\t\t\t\t<\/div>\n\t\t\t\t<\/div>\n\t\t","protected":false},"excerpt":{"rendered":"<p>FAQ Je to terapie? \u200bNe. Nejsem terapeut ani psycholog.Jsem profesion\u00e1ln\u00ed kamar\u00e1dka \u2013 \u010dlov\u011bk vedle tebe, kter\u00fd t\u011b vyslechne, nastav\u00ed zrcadlo, podr\u017e\u00ed a pom\u016f\u017ee rozh\u00fdbat, co stoj\u00ed.\u200bM\u00e1m zku\u0161enosti z vlastn\u00edho \u017eivota, cit pro lidi a z\u00e1rove\u0148 i vzd\u011bl\u00e1n\u00ed \u2013 jsem certifikovan\u00fd energy coach.\u200bTo znamen\u00e1, \u017ee dok\u00e1\u017eu pracovat i s tvou energi\u00ed, vnit\u0159n\u00edm nastaven\u00edm a t\u00edm, co [&hellip;]<\/p>\n","protected":false},"author":2,"featured_media":0,"parent":0,"menu_order":0,"comment_status":"closed","ping_status":"closed","template":"elementor_theme","meta":{"footnotes":""},"class_list":["post-165","page","type-page","status-publish","hentry"],"jetpack_sharing_enabled":true,"_links":{"self":[{"href":"https:\/\/hodinovakamaradka.cz\/index.php\/wp-json\/wp\/v2\/pages\/165","targetHints":{"allow":["GET"]}}],"collection":[{"href":"https:\/\/hodinovakamaradka.cz\/index.php\/wp-json\/wp\/v2\/pages"}],"about":[{"href":"https:\/\/hodinovakamaradka.cz\/index.php\/wp-json\/wp\/v2\/types\/page"}],"author":[{"embeddable":true,"href":"https:\/\/hodinovakamaradka.cz\/index.php\/wp-json\/wp\/v2\/users\/2"}],"replies":[{"embeddable":true,"href":"https:\/\/hodinovakamaradka.cz\/index.php\/wp-json\/wp\/v2\/comments?post=165"}],"version-history":[{"count":43,"href":"https:\/\/hodinovakamaradka.cz\/index.php\/wp-json\/wp\/v2\/pages\/165\/revisions"}],"predecessor-version":[{"id":859,"href":"https:\/\/hodinovakamaradka.cz\/index.php\/wp-json\/wp\/v2\/pages\/165\/revisions\/859"}],"wp:attachment":[{"href":"https:\/\/hodinovakamaradka.cz\/index.php\/wp-json\/wp\/v2\/media?parent=165"}],"curies":[{"name":"wp","href":"https:\/\/api.w.org\/{rel}","templated":true}]}}