{"id":164,"date":"2025-11-06T13:09:51","date_gmt":"2025-11-06T13:09:51","guid":{"rendered":"https:\/\/hodinovakamaradka.cz\/?page_id=164"},"modified":"2025-12-02T20:20:09","modified_gmt":"2025-12-02T20:20:09","slug":"blog","status":"publish","type":"page","link":"https:\/\/hodinovakamaradka.cz\/index.php\/blog\/","title":{"rendered":"Blog"},"content":{"rendered":"\t\t<div data-elementor-type=\"wp-page\" data-elementor-id=\"164\" class=\"elementor elementor-164\">\n\t\t\t\t<div class=\"elementor-element elementor-element-2000b99a e-con-full e-flex e-con e-parent\" data-id=\"2000b99a\" data-element_type=\"container\" data-e-type=\"container\" data-settings=\"{&quot;background_background&quot;:&quot;classic&quot;}\">\n\t\t\t\t<div class=\"elementor-element elementor-element-65ce0ab8 elementor-widget elementor-widget-heading\" data-id=\"65ce0ab8\" data-element_type=\"widget\" data-e-type=\"widget\" data-widget_type=\"heading.default\">\n\t\t\t\t\t<h2 class=\"elementor-heading-title elementor-size-default\">ANNIN BLOG<\/h2>\t\t\t\t<\/div>\n\t\t\t\t<\/div>\n\t\t<div class=\"elementor-element elementor-element-675e7a1f e-flex e-con-boxed e-con e-parent\" data-id=\"675e7a1f\" data-element_type=\"container\" data-e-type=\"container\">\n\t\t\t\t\t<div class=\"e-con-inner\">\n\t\t\t\t<div class=\"elementor-element elementor-element-4521805 elementor-widget elementor-widget-carousel-slider-elementor\" data-id=\"4521805\" data-element_type=\"widget\" data-e-type=\"widget\" data-widget_type=\"carousel-slider-elementor.default\">\n\t\t\t\t<div class=\"elementor-widget-container\">\n\t\t\t\t\t<div class=\"carousel-slider-elementor-widget\"><div class=\"carousel-slider-outer carousel-slider-outer-post-carousel carousel-slider-outer-872\" style=\"--carousel-slider-nav-color:#f1f1f1;--carousel-slider-active-nav-color:#00d1b2;--carousel-slider-arrow-size:48px;--carousel-slider-bullet-size:10px\">\n<div id=\"&#039;id-872\" class=\"carousel-slider carousel-slider-872 arrows-visibility-hover dots-visibility-never arrows-outside dots-center dots-circle owl-carousel\" data-slide-type=\"post-carousel\" data-owl-settings='{\"nav\":true,\"dots\":false,\"slideBy\":1,\"stagePadding\":0,\"margin\":10,\"loop\":false,\"lazyLoad\":true,\"autoplay\":true,\"autoplayTimeout\":5000,\"autoplaySpeed\":500,\"autoplayHoverPause\":true,\"autoWidth\":false,\"responsive\":{\"300\":{\"items\":1},\"576\":{\"items\":2},\"768\":{\"items\":2},\"1024\":{\"items\":3},\"1280\":{\"items\":4},\"1536\":{\"items\":5}}}'>\n<div class=\"carousel-slider__post\">\n\t<div class=\"carousel-slider__post-content\">\n\t\t<div class=\"carousel-slider__post-header\">\n\t\t\t<a class=\"carousel-slider__post-image\" href=\"https:\/\/hodinovakamaradka.cz\/index.php\/2026\/02\/12\/kdyz-se-telo-prestane-bat-o-preziti-nezacne-hned-fungovat-lip-zacne-se-opravovat\/\" style=\"background-image: url(https:\/\/hodinovakamaradka.cz\/wp-content\/uploads\/2025\/11\/7bfea1_f32af07d3f064c6da444687d5d0722fbmv2-768x722.avif)\"><\/a>\t\t\t<a class=\"carousel-slider__post-title\" href=\"https:\/\/hodinovakamaradka.cz\/index.php\/2026\/02\/12\/kdyz-se-telo-prestane-bat-o-preziti-nezacne-hned-fungovat-lip-zacne-se-opravovat\/\">\n\t\t\t\t<h2>Kdy\u017e se t\u011blo p\u0159estane b\u00e1t o p\u0159e\u017eit\u00ed, neza\u010dne hned fungovat l\u00edp. Za\u010dne se opravovat.<\/h2>\n\t\t\t<\/a>\n\t\t<\/div>\n\t\t<div class=\"carousel-slider__post-excerpt\">\n\t\t\tZn\u00e1\u0161 ten sc\u00e9n\u00e1\u0159, t\u011b\u0161\u00ed\u0161 se a\u017e kone\u010dn\u011b vypne\u0161. A\u017e odevzd\u00e1\u0161 projekt, dokon\u010d\u00ed\u0161 \u00fakol, odjede\u0161 na dovolenou nebo si jen naordinuje\u0161 ...\t\t<\/div>\n\t\t<footer class=\"carousel-slider__post-meta\">\n\t\t\t<div class=\"carousel-slider__post-publication-meta\">\n\t\t\t\t<div class=\"carousel-slider__post-details-info\">\n\t\t\t\t\t<div class=\"carousel-slider__post-author\">\n\t\t\t\t\t\t<a class=\"carousel-slider__post-author-link\" href=\"https:\/\/hodinovakamaradka.cz\/index.php\/author\/annaschmidova\/\">\n\t\t\t\t\t\t\tAnna Schmidova\t\t\t\t\t\t<\/a>\n\t\t\t\t\t<\/div>\n\t\t\t\t\t<time class=\"carousel-slider__post-publication-date\" datetime=\"2026-02-13T19:29:49+01:00\">\n\t\t\t\t\t\t13 \u00fanora, 2026\t\t\t\t\t<\/time>\n\t\t\t\t<\/div>\n\t\t\t<\/div>\n\t\t\t\t\t\t\t<div class=\"carousel-slider__post-category\">\n\t\t\t\t\t<a class=\"carousel-slider__post-category-link\" href=\"https:\/\/hodinovakamaradka.cz\/index.php\/category\/uncategorized\/\">\n\t\t\t\t\t\tUncategorized\t\t\t\t\t<\/a>\n\t\t\t\t<\/div>\n\t\t\t\t\t<\/footer>\n\t<\/div>\n<\/div>\n<div class=\"carousel-slider__post\">\n\t<div class=\"carousel-slider__post-content\">\n\t\t<div class=\"carousel-slider__post-header\">\n\t\t\t<a class=\"carousel-slider__post-image\" href=\"https:\/\/hodinovakamaradka.cz\/index.php\/2026\/01\/07\/35-narozeniny\/\" style=\"background-image: url(https:\/\/hodinovakamaradka.cz\/wp-content\/uploads\/2026\/01\/Misha.photo_Anna_2025-61-768x512.jpg)\"><\/a>\t\t\t<a class=\"carousel-slider__post-title\" href=\"https:\/\/hodinovakamaradka.cz\/index.php\/2026\/01\/07\/35-narozeniny\/\">\n\t\t\t\t<h2>35. narozeniny<\/h2>\n\t\t\t<\/a>\n\t\t<\/div>\n\t\t<div class=\"carousel-slider__post-excerpt\">\n\t\t\tDal\u0161\u00ed rok je za mnou. A d\u00edv\u00e1m se zp\u00e1tky. M\u00e1m u\u017e p\u011btiletou tradici, \u017ee si ka\u017ed\u00e9 sv\u00e9 narozeniny d\u011bl\u00e1m podle ...\t\t<\/div>\n\t\t<footer class=\"carousel-slider__post-meta\">\n\t\t\t<div class=\"carousel-slider__post-publication-meta\">\n\t\t\t\t<div class=\"carousel-slider__post-details-info\">\n\t\t\t\t\t<div class=\"carousel-slider__post-author\">\n\t\t\t\t\t\t<a class=\"carousel-slider__post-author-link\" href=\"https:\/\/hodinovakamaradka.cz\/index.php\/author\/annaschmidova\/\">\n\t\t\t\t\t\t\tAnna Schmidova\t\t\t\t\t\t<\/a>\n\t\t\t\t\t<\/div>\n\t\t\t\t\t<time class=\"carousel-slider__post-publication-date\" datetime=\"2026-01-08T13:49:12+01:00\">\n\t\t\t\t\t\t8 ledna, 2026\t\t\t\t\t<\/time>\n\t\t\t\t<\/div>\n\t\t\t<\/div>\n\t\t\t\t\t\t\t<div class=\"carousel-slider__post-category\">\n\t\t\t\t\t<a class=\"carousel-slider__post-category-link\" href=\"https:\/\/hodinovakamaradka.cz\/index.php\/category\/uncategorized\/\">\n\t\t\t\t\t\tUncategorized\t\t\t\t\t<\/a>\n\t\t\t\t<\/div>\n\t\t\t\t\t<\/footer>\n\t<\/div>\n<\/div>\n<div class=\"carousel-slider__post\">\n\t<div class=\"carousel-slider__post-content\">\n\t\t<div class=\"carousel-slider__post-header\">\n\t\t\t<a class=\"carousel-slider__post-image\" href=\"https:\/\/hodinovakamaradka.cz\/index.php\/2025\/12\/31\/co-me-rok-2025-naucil-o-vztahu-k-vlastnimu-telu\/\" style=\"background-image: url(https:\/\/hodinovakamaradka.cz\/wp-content\/uploads\/2025\/12\/WhatsApp-Image-2025-12-31-at-17.21.21-768x512.jpeg)\"><\/a>\t\t\t<a class=\"carousel-slider__post-title\" href=\"https:\/\/hodinovakamaradka.cz\/index.php\/2025\/12\/31\/co-me-rok-2025-naucil-o-vztahu-k-vlastnimu-telu\/\">\n\t\t\t\t<h2>Co m\u011b rok 2025 nau\u010dil o vztahu k vlastn\u00edmu t\u011blu<\/h2>\n\t\t\t<\/a>\n\t\t<\/div>\n\t\t<div class=\"carousel-slider__post-excerpt\">\n\t\t\tDlouhou dobu jsem m\u011bla pocit, \u017ee moje t\u011blo mus\u00ed hlavn\u011b fungovat. Dr\u017eet tempo, zvl\u00e1dat z\u00e1t\u011b\u017e a b\u00fdt spolehliv\u00e9. Kdy\u017e se ...\t\t<\/div>\n\t\t<footer class=\"carousel-slider__post-meta\">\n\t\t\t<div class=\"carousel-slider__post-publication-meta\">\n\t\t\t\t<div class=\"carousel-slider__post-details-info\">\n\t\t\t\t\t<div class=\"carousel-slider__post-author\">\n\t\t\t\t\t\t<a class=\"carousel-slider__post-author-link\" href=\"https:\/\/hodinovakamaradka.cz\/index.php\/author\/annaschmidova\/\">\n\t\t\t\t\t\t\tAnna Schmidova\t\t\t\t\t\t<\/a>\n\t\t\t\t\t<\/div>\n\t\t\t\t\t<time class=\"carousel-slider__post-publication-date\" datetime=\"2025-12-31T17:32:26+01:00\">\n\t\t\t\t\t\t31 prosince, 2025\t\t\t\t\t<\/time>\n\t\t\t\t<\/div>\n\t\t\t<\/div>\n\t\t\t\t\t\t\t<div class=\"carousel-slider__post-category\">\n\t\t\t\t\t<a class=\"carousel-slider__post-category-link\" href=\"https:\/\/hodinovakamaradka.cz\/index.php\/category\/uncategorized\/\">\n\t\t\t\t\t\tUncategorized\t\t\t\t\t<\/a>\n\t\t\t\t<\/div>\n\t\t\t\t\t<\/footer>\n\t<\/div>\n<\/div>\n<div class=\"carousel-slider__post\">\n\t<div class=\"carousel-slider__post-content\">\n\t\t<div class=\"carousel-slider__post-header\">\n\t\t\t<a class=\"carousel-slider__post-image\" href=\"https:\/\/hodinovakamaradka.cz\/index.php\/2025\/11\/05\/jak-vznikla-hodinova-kamaradka\/\" style=\"background-image: url(https:\/\/hodinovakamaradka.cz\/wp-content\/uploads\/2025\/11\/Misha.photo_Anna_2025-51-768x512.jpg)\"><\/a>\t\t\t<a class=\"carousel-slider__post-title\" href=\"https:\/\/hodinovakamaradka.cz\/index.php\/2025\/11\/05\/jak-vznikla-hodinova-kamaradka\/\">\n\t\t\t\t<h2>Jak vznikla hodinov\u00e1 Kamar\u00e1dka<\/h2>\n\t\t\t<\/a>\n\t\t<\/div>\n\t\t<div class=\"carousel-slider__post-excerpt\">\n\t\t\tProjekt Hodinov\u00e1 kamar\u00e1dka vznikl z pot\u0159eby b\u00fdt nabl\u00edzku, kdy\u017e je ti t\u011b\u017eko, ale i kdy\u017e se jen ztr\u00e1c\u00ed\u0161 ve vlastn\u00edm ...\t\t<\/div>\n\t\t<footer class=\"carousel-slider__post-meta\">\n\t\t\t<div class=\"carousel-slider__post-publication-meta\">\n\t\t\t\t<div class=\"carousel-slider__post-details-info\">\n\t\t\t\t\t<div class=\"carousel-slider__post-author\">\n\t\t\t\t\t\t<a class=\"carousel-slider__post-author-link\" href=\"https:\/\/hodinovakamaradka.cz\/index.php\/author\/michalvolf_mdtq84nl\/\">\n\t\t\t\t\t\t\tadmin\t\t\t\t\t\t<\/a>\n\t\t\t\t\t<\/div>\n\t\t\t\t\t<time class=\"carousel-slider__post-publication-date\" datetime=\"2025-12-31T17:35:24+01:00\">\n\t\t\t\t\t\t31 prosince, 2025\t\t\t\t\t<\/time>\n\t\t\t\t<\/div>\n\t\t\t<\/div>\n\t\t\t\t\t\t\t<div class=\"carousel-slider__post-category\">\n\t\t\t\t\t<a class=\"carousel-slider__post-category-link\" href=\"https:\/\/hodinovakamaradka.cz\/index.php\/category\/uncategorized\/\">\n\t\t\t\t\t\tUncategorized\t\t\t\t\t<\/a>\n\t\t\t\t<\/div>\n\t\t\t\t\t<\/footer>\n\t<\/div>\n<\/div>\n<\/div><!-- .carousel-slider-872 -->\n<\/div><!-- .carousel-slider-outer-872 -->\n<\/div>\t\t\t\t<\/div>\n\t\t\t\t<\/div>\n\t\t\t\t\t<\/div>\n\t\t\t\t<\/div>\n\t\t\t\t<\/div>\n\t\t","protected":false},"excerpt":{"rendered":"<p>ANNIN BLOG Blog 2 ANNIN BLOG Blog 2 Zkou\u0161\u00edm napsat p\u0159\u00edsp\u011bv\u011bk na blog Martin Maty\u00e1\u0161 2 prosince, 2025 Uncategorized Hello world! Welcome to WordPress. &#8230; Martin Maty\u00e1\u0161 2 prosince, 2025 Uncategorized Hello world! ANNIN BLOG Blog 2 Zkou\u0161\u00edm napsat p\u0159\u00edsp\u011bv\u011bk na blog Martin Maty\u00e1\u0161 2 prosince, 2025 Uncategorized Hello world! Welcome to WordPress. &#8230; admin [&hellip;]<\/p>\n","protected":false},"author":2,"featured_media":0,"parent":0,"menu_order":0,"comment_status":"closed","ping_status":"closed","template":"elementor_theme","meta":{"footnotes":""},"class_list":["post-164","page","type-page","status-publish","hentry"],"jetpack_sharing_enabled":true,"_links":{"self":[{"href":"https:\/\/hodinovakamaradka.cz\/index.php\/wp-json\/wp\/v2\/pages\/164","targetHints":{"allow":["GET"]}}],"collection":[{"href":"https:\/\/hodinovakamaradka.cz\/index.php\/wp-json\/wp\/v2\/pages"}],"about":[{"href":"https:\/\/hodinovakamaradka.cz\/index.php\/wp-json\/wp\/v2\/types\/page"}],"author":[{"embeddable":true,"href":"https:\/\/hodinovakamaradka.cz\/index.php\/wp-json\/wp\/v2\/users\/2"}],"replies":[{"embeddable":true,"href":"https:\/\/hodinovakamaradka.cz\/index.php\/wp-json\/wp\/v2\/comments?post=164"}],"version-history":[{"count":34,"href":"https:\/\/hodinovakamaradka.cz\/index.php\/wp-json\/wp\/v2\/pages\/164\/revisions"}],"predecessor-version":[{"id":902,"href":"https:\/\/hodinovakamaradka.cz\/index.php\/wp-json\/wp\/v2\/pages\/164\/revisions\/902"}],"wp:attachment":[{"href":"https:\/\/hodinovakamaradka.cz\/index.php\/wp-json\/wp\/v2\/media?parent=164"}],"curies":[{"name":"wp","href":"https:\/\/api.w.org\/{rel}","templated":true}]}}