{"id":163,"date":"2025-11-06T13:09:51","date_gmt":"2025-11-06T13:09:51","guid":{"rendered":"https:\/\/hodinovakamaradka.cz\/?page_id=163"},"modified":"2025-12-08T18:07:10","modified_gmt":"2025-12-08T18:07:10","slug":"cenik","status":"publish","type":"page","link":"https:\/\/hodinovakamaradka.cz\/index.php\/cenik\/","title":{"rendered":"Cen\u00edk"},"content":{"rendered":"\t\t<div data-elementor-type=\"wp-page\" data-elementor-id=\"163\" class=\"elementor elementor-163\">\n\t\t\t\t<div class=\"elementor-element elementor-element-3d38181 e-flex e-con-boxed e-con e-parent\" data-id=\"3d38181\" data-element_type=\"container\" data-e-type=\"container\">\n\t\t\t\t\t<div class=\"e-con-inner\">\n\t\t\t\t<div class=\"elementor-element elementor-element-6c379ac6 elementor-invisible elementor-widget elementor-widget-heading\" data-id=\"6c379ac6\" data-element_type=\"widget\" data-e-type=\"widget\" data-settings=\"{&quot;_animation&quot;:&quot;zoomInUp&quot;}\" data-widget_type=\"heading.default\">\n\t\t\t\t\t<h2 class=\"elementor-heading-title elementor-size-default\">NAB\u00cdDKA A CEN\u00cdK<\/h2>\t\t\t\t<\/div>\n\t\t\t\t\t<\/div>\n\t\t\t\t<\/div>\n\t\t<div class=\"elementor-element elementor-element-58eb5ca4 e-con-full e-flex e-con e-parent\" data-id=\"58eb5ca4\" data-element_type=\"container\" data-e-type=\"container\" data-settings=\"{&quot;background_background&quot;:&quot;classic&quot;}\">\n\t\t\t\t<\/div>\n\t\t<div class=\"elementor-element elementor-element-3558d79d e-flex e-con-boxed e-con e-parent\" data-id=\"3558d79d\" data-element_type=\"container\" data-e-type=\"container\" data-settings=\"{&quot;animation&quot;:&quot;none&quot;}\">\n\t\t\t\t\t<div class=\"e-con-inner\">\n\t\t\t\t<div class=\"elementor-element elementor-element-4c30a9f elementor-widget elementor-widget-text-editor\" data-id=\"4c30a9f\" data-element_type=\"widget\" data-e-type=\"widget\" data-widget_type=\"text-editor.default\">\n\t\t\t\t\t\t\t\t\t<h3 style=\"font-family: caudex; text-align: center;\">Ka\u017ed\u00fd \u010dlov\u011bk pot\u0159ebuje jinou formu podpory.<\/h3>\n<h3 style=\"font-family: caudex; text-align: center;\">N\u011bkdo hled\u00e1 dlouhodob\u00fd proces, jin\u00fd impuls nebo pravideln\u00fd rytmus.<\/h3>\n<h3 style=\"font-family: caudex; text-align: center;\">Vyber si cestu, kter\u00e1 pr\u00e1v\u011b te\u010f nejl\u00e9pe odpov\u00edd\u00e1 tomu, co pot\u0159ebuje\u0161.<\/h3>\t\t\t\t\t\t\t\t<\/div>\n\t\t\t\t\t<\/div>\n\t\t\t\t<\/div>\n\t\t<div class=\"elementor-element elementor-element-5399570 e-con-full e-flex e-con e-parent\" data-id=\"5399570\" data-element_type=\"container\" data-e-type=\"container\">\n\t\t<div class=\"elementor-element elementor-element-b50b570 e-con-full e-flex e-con e-child\" data-id=\"b50b570\" data-element_type=\"container\" data-e-type=\"container\">\n\t\t\t\t<div class=\"elementor-element elementor-element-2ce6359 elementor-invisible elementor-widget elementor-widget-image\" data-id=\"2ce6359\" data-element_type=\"widget\" data-e-type=\"widget\" data-settings=\"{&quot;_animation&quot;:&quot;fadeInLeft&quot;}\" data-widget_type=\"image.default\">\n\t\t\t\t\t\t\t\t\t\t\t\t\t\t\t<img fetchpriority=\"high\" decoding=\"async\" width=\"1024\" height=\"683\" src=\"https:\/\/hodinovakamaradka.cz\/wp-content\/uploads\/2025\/11\/stazeny-soubor-2-1024x683.png\" class=\"attachment-large size-large wp-image-585\" alt=\"\" srcset=\"https:\/\/hodinovakamaradka.cz\/wp-content\/uploads\/2025\/11\/stazeny-soubor-2-1024x683.png 1024w, https:\/\/hodinovakamaradka.cz\/wp-content\/uploads\/2025\/11\/stazeny-soubor-2-300x200.png 300w, https:\/\/hodinovakamaradka.cz\/wp-content\/uploads\/2025\/11\/stazeny-soubor-2-768x512.png 768w, https:\/\/hodinovakamaradka.cz\/wp-content\/uploads\/2025\/11\/stazeny-soubor-2-1536x1024.png 1536w, https:\/\/hodinovakamaradka.cz\/wp-content\/uploads\/2025\/11\/stazeny-soubor-2.png 1600w\" sizes=\"(max-width: 1024px) 100vw, 1024px\" \/>\t\t\t\t\t\t\t\t\t\t\t\t\t\t\t<\/div>\n\t\t\t\t<\/div>\n\t\t<div class=\"elementor-element elementor-element-992dd80 e-con-full e-flex e-con e-child\" data-id=\"992dd80\" data-element_type=\"container\" data-e-type=\"container\">\n\t\t<div class=\"elementor-element elementor-element-0ef7297 e-con-full e-flex elementor-invisible e-con e-child\" data-id=\"0ef7297\" data-element_type=\"container\" data-e-type=\"container\" data-settings=\"{&quot;animation&quot;:&quot;fadeInRight&quot;}\">\n\t\t<div class=\"elementor-element elementor-element-485d91b e-con-full e-flex e-con e-child\" data-id=\"485d91b\" data-element_type=\"container\" data-e-type=\"container\">\n\t\t\t\t<div class=\"elementor-element elementor-element-dcbeff3 elementor-widget elementor-widget-text-editor\" data-id=\"dcbeff3\" data-element_type=\"widget\" data-e-type=\"widget\" data-widget_type=\"text-editor.default\">\n\t\t\t\t\t\t\t\t\t<h1 style=\"text-align: center;\">Cesta k sob\u011b<\/h1><p>Pro ty, kte\u0159\u00ed cht\u011bj\u00ed zm\u011bnu, ale v\u011bd\u00ed, \u017ee opravdov\u00fd posun pot\u0159ebuje \u010das.<br \/>Spole\u010dn\u011b budeme krok za krokem objevovat, co v tob\u011b d\u00e1v\u00e1 i bere energii, a nastav\u00edme mal\u00e9, ale funk\u010dn\u00ed zm\u011bny, kter\u00e9 v \u017eivot\u011b z\u016fstanou.<\/p><p><strong>Zahrnuje:<\/strong><\/p><p>dvoum\u011bs\u00ed\u010dn\u00ed spolupr\u00e1ce<br \/>9 osobn\u00edch nebo online setk\u00e1n\u00ed<br \/>podpora mezi setk\u00e1n\u00edmi, p\u0159ednostn\u00ed term\u00edny<br \/>flexibiln\u00ed forma, aktivity na m\u00edru<\/p>\t\t\t\t\t\t\t\t<\/div>\n\t\t\t\t<\/div>\n\t\t<div class=\"elementor-element elementor-element-7c0d47d e-con-full e-flex e-con e-child\" data-id=\"7c0d47d\" data-element_type=\"container\" data-e-type=\"container\">\n\t\t\t\t<div class=\"elementor-element elementor-element-3f6f2f3 elementor-widget elementor-widget-text-editor\" data-id=\"3f6f2f3\" data-element_type=\"widget\" data-e-type=\"widget\" data-widget_type=\"text-editor.default\">\n\t\t\t\t\t\t\t\t\t<h3 style=\"text-align: center;\"><strong>Limitovan\u00e1 nab\u00eddka 9 900 K\u010d<\/strong><\/h3><h5 style=\"text-align: center;\">B\u011b\u017en\u00e1 cena: 14 000 K\u010d<\/h5><h6 style=\"text-align: center;\">\u201eCesta k sob\u011b nen\u00ed o velk\u00fdch skoc\u00edch. Je o ka\u017edodenn\u00edch kroc\u00edch, kter\u00e9 t\u011b vrac\u00ed zp\u00e1tky k sob\u011b.\u201c<\/h6>\t\t\t\t\t\t\t\t<\/div>\n\t\t\t\t<\/div>\n\t\t\t\t<\/div>\n\t\t\t\t<\/div>\n\t\t\t\t<\/div>\n\t\t<div class=\"elementor-element elementor-element-7f359576 e-con-full e-flex e-con e-parent\" data-id=\"7f359576\" data-element_type=\"container\" data-e-type=\"container\">\n\t\t<div class=\"elementor-element elementor-element-6bf13609 e-con-full e-flex e-con e-child\" data-id=\"6bf13609\" data-element_type=\"container\" data-e-type=\"container\" data-settings=\"{&quot;animation&quot;:&quot;none&quot;}\">\n\t\t\t\t<div class=\"elementor-element elementor-element-0392ce5 elementor-widget elementor-widget-image\" data-id=\"0392ce5\" data-element_type=\"widget\" data-e-type=\"widget\" data-widget_type=\"image.default\">\n\t\t\t\t\t\t\t\t\t\t\t\t\t\t\t<img decoding=\"async\" width=\"1024\" height=\"683\" src=\"https:\/\/hodinovakamaradka.cz\/wp-content\/uploads\/2025\/11\/stazeny-soubor-3-1024x683.png\" class=\"attachment-large size-large wp-image-589\" alt=\"\" srcset=\"https:\/\/hodinovakamaradka.cz\/wp-content\/uploads\/2025\/11\/stazeny-soubor-3-1024x683.png 1024w, https:\/\/hodinovakamaradka.cz\/wp-content\/uploads\/2025\/11\/stazeny-soubor-3-300x200.png 300w, https:\/\/hodinovakamaradka.cz\/wp-content\/uploads\/2025\/11\/stazeny-soubor-3-768x512.png 768w, https:\/\/hodinovakamaradka.cz\/wp-content\/uploads\/2025\/11\/stazeny-soubor-3-1536x1024.png 1536w, https:\/\/hodinovakamaradka.cz\/wp-content\/uploads\/2025\/11\/stazeny-soubor-3.png 1600w\" sizes=\"(max-width: 1024px) 100vw, 1024px\" \/>\t\t\t\t\t\t\t\t\t\t\t\t\t\t\t<\/div>\n\t\t\t\t<\/div>\n\t\t<div class=\"elementor-element elementor-element-161e35fb e-con-full e-flex e-con e-child\" data-id=\"161e35fb\" data-element_type=\"container\" data-e-type=\"container\">\n\t\t<div class=\"elementor-element elementor-element-8865f7a e-con-full e-flex elementor-invisible e-con e-child\" data-id=\"8865f7a\" data-element_type=\"container\" data-e-type=\"container\" data-settings=\"{&quot;animation&quot;:&quot;fadeInLeft&quot;}\">\n\t\t<div class=\"elementor-element elementor-element-76b8cb2 e-con-full e-flex e-con e-child\" data-id=\"76b8cb2\" data-element_type=\"container\" data-e-type=\"container\">\n\t\t\t\t<div class=\"elementor-element elementor-element-af023c8 elementor-widget elementor-widget-text-editor\" data-id=\"af023c8\" data-element_type=\"widget\" data-e-type=\"widget\" data-widget_type=\"text-editor.default\">\n\t\t\t\t\t\t\t\t\t<h1 style=\"text-align: center;\">Na cest\u011b k sob\u011b<\/h1><p>Pro ty, kte\u0159\u00ed pot\u0159ebuj\u00ed nov\u00fd pohled, nadhled nebo konkr\u00e9tn\u00ed impulz.<br \/>V n\u011bkolika setk\u00e1n\u00edch vytvo\u0159\u00edme jasn\u00fd z\u00e1m\u011br a kroky, kter\u00e9 t\u011b nasm\u011bruj\u00ed tam, kam chce\u0161 j\u00edt.<br \/>Bez tlaku, v bezpe\u010dn\u00e9m prostoru a s praktick\u00fdmi kroky, kter\u00e9 ti pomohou rozh\u00fdbat v\u011bci v \u017eivot\u011b.<\/p><p><strong>Zahrnuje:<\/strong><\/p><p>kr\u00e1tkodob\u00e1 spolupr\u00e1ce (3 setk\u00e1n\u00ed b\u011bhem 6 t\u00fddn\u016f)<br \/>jasn\u00fd z\u00e1m\u011br a konkr\u00e9tn\u00ed kroky<br \/>mo\u017enost nav\u00e1zat na \u201eCestu k sob\u011b\u201c<\/p>\t\t\t\t\t\t\t\t<\/div>\n\t\t\t\t<\/div>\n\t\t<div class=\"elementor-element elementor-element-5706a15 e-con-full e-flex e-con e-child\" data-id=\"5706a15\" data-element_type=\"container\" data-e-type=\"container\">\n\t\t\t\t<div class=\"elementor-element elementor-element-af269a5 elementor-widget elementor-widget-text-editor\" data-id=\"af269a5\" data-element_type=\"widget\" data-e-type=\"widget\" data-widget_type=\"text-editor.default\">\n\t\t\t\t\t\t\t\t\t<h3 style=\"text-align: center;\"><strong>Limitovan\u00e1 nab\u00eddka 3 600 K\u010d<\/strong><\/h3><h5 style=\"text-align: center;\">B\u011b\u017en\u00e1 cena: 3 900 K\u010d<\/h5><h6 style=\"text-align: center;\">\u201eKa\u017ed\u00e1 zm\u011bna za\u010d\u00edn\u00e1 prvn\u00edm krokem. Ten m\u016f\u017ee\u0161 ud\u011blat hned.\u201c<\/h6>\t\t\t\t\t\t\t\t<\/div>\n\t\t\t\t<\/div>\n\t\t\t\t<\/div>\n\t\t\t\t<\/div>\n\t\t\t\t<\/div>\n\t\t<div class=\"elementor-element elementor-element-394ec36 e-con-full e-flex e-con e-parent\" data-id=\"394ec36\" data-element_type=\"container\" data-e-type=\"container\">\n\t\t<div class=\"elementor-element elementor-element-61624f1 e-con-full e-flex e-con e-child\" data-id=\"61624f1\" data-element_type=\"container\" data-e-type=\"container\">\n\t\t<div class=\"elementor-element elementor-element-bf3e3b2 e-con-full e-flex elementor-invisible e-con e-child\" data-id=\"bf3e3b2\" data-element_type=\"container\" data-e-type=\"container\" data-settings=\"{&quot;animation&quot;:&quot;fadeInRight&quot;}\">\n\t\t<div class=\"elementor-element elementor-element-f56dea0 e-con-full e-flex e-con e-child\" data-id=\"f56dea0\" data-element_type=\"container\" data-e-type=\"container\">\n\t\t\t\t<div class=\"elementor-element elementor-element-cbf5e3b elementor-widget elementor-widget-text-editor\" data-id=\"cbf5e3b\" data-element_type=\"widget\" data-e-type=\"widget\" data-widget_type=\"text-editor.default\">\n\t\t\t\t\t\t\t\t\t<h1 style=\"text-align: center;\">21 DN\u00cd &#8230;<\/h1><p>Za\u010d\u00e1tky b\u00fdvaj\u00ed nejt\u011b\u017e\u0161\u00ed. Kdy\u017e chce\u0161 n\u011bco zm\u011bnit \u2013 za\u010d\u00edt cvi\u010dit, j\u00edst zdrav\u011bji, v\u00edce odpo\u010d\u00edvat nebo dot\u00e1hnout dlouhodob\u00fd pl\u00e1n \u2013 nejv\u00edc pom\u016f\u017ee, kdy\u017e na to nejsi s\u00e1m\/sama. P<span style=\"font-size: 16.8px;\">omohu ti vytvo\u0159it nov\u00fd n\u00e1vyk, kter\u00fd bude udr\u017eiteln\u00fd.\u00a0<\/span><span style=\"font-size: 16.8px;\">Budu nabl\u00edzku, i kdy\u017e bude\u0161 ztr\u00e1cet motivaci.<\/span><span style=\"font-size: 16.8px;\">A spole\u010dn\u011b najdeme cestu, jak doj\u00edt a\u017e ke skute\u010dn\u00e9 zm\u011bn\u011b.<\/span><\/p><p><strong>Zahrnuje:<\/strong><\/p><p>m\u011bs\u00ed\u010dn\u00ed podpora p\u0159i tvorb\u011b n\u00e1vyku<br \/>\u00favodn\u00ed konzultace + ka\u017edodenn\u00ed kr\u00e1tk\u00fd kontakt<br \/>jemn\u00e1, ale d\u016fsledn\u00e1 motivace<\/p>\t\t\t\t\t\t\t\t<\/div>\n\t\t\t\t<\/div>\n\t\t<div class=\"elementor-element elementor-element-aad913b e-con-full e-flex e-con e-child\" data-id=\"aad913b\" data-element_type=\"container\" data-e-type=\"container\">\n\t\t\t\t<div class=\"elementor-element elementor-element-0ba8e38 elementor-widget elementor-widget-text-editor\" data-id=\"0ba8e38\" data-element_type=\"widget\" data-e-type=\"widget\" data-widget_type=\"text-editor.default\">\n\t\t\t\t\t\t\t\t\t<h3 style=\"text-align: center;\"><strong>Cena: 2 000 K\u010d\/m\u011bs\u00edc<\/strong><\/h3><p style=\"text-align: center;\"><span style=\"font-size: 16.8px;\">\u201eKa\u017ed\u00fd nov\u00fd n\u00e1vyk se rod\u00ed z opakov\u00e1n\u00ed. J\u00e1 ti pom\u016f\u017eu, aby se z opakov\u00e1n\u00ed nestal boj, ale p\u0159irozen\u00fd rytmus\u201c<\/span><\/p>\t\t\t\t\t\t\t\t<\/div>\n\t\t\t\t<\/div>\n\t\t\t\t<\/div>\n\t\t\t\t<\/div>\n\t\t<div class=\"elementor-element elementor-element-4aaceeb e-con-full e-flex e-con e-child\" data-id=\"4aaceeb\" data-element_type=\"container\" data-e-type=\"container\">\n\t\t\t\t<div class=\"elementor-element elementor-element-a43667a elementor-widget elementor-widget-image\" data-id=\"a43667a\" data-element_type=\"widget\" data-e-type=\"widget\" data-widget_type=\"image.default\">\n\t\t\t\t\t\t\t\t\t\t\t\t\t\t\t<img decoding=\"async\" width=\"1004\" height=\"669\" src=\"https:\/\/hodinovakamaradka.cz\/wp-content\/uploads\/2025\/11\/7bfea1_afcba5a88ed049eeb8d54d7fc66cbba3mv2-1.avif\" class=\"attachment-large size-large wp-image-250\" alt=\"\" srcset=\"https:\/\/hodinovakamaradka.cz\/wp-content\/uploads\/2025\/11\/7bfea1_afcba5a88ed049eeb8d54d7fc66cbba3mv2-1.avif 1004w, https:\/\/hodinovakamaradka.cz\/wp-content\/uploads\/2025\/11\/7bfea1_afcba5a88ed049eeb8d54d7fc66cbba3mv2-1-300x200.avif 300w, https:\/\/hodinovakamaradka.cz\/wp-content\/uploads\/2025\/11\/7bfea1_afcba5a88ed049eeb8d54d7fc66cbba3mv2-1-768x512.avif 768w\" sizes=\"(max-width: 1004px) 100vw, 1004px\" \/>\t\t\t\t\t\t\t\t\t\t\t\t\t\t\t<\/div>\n\t\t\t\t<\/div>\n\t\t\t\t<\/div>\n\t\t<div class=\"elementor-element elementor-element-6c325ae e-con-full e-flex e-con e-parent\" data-id=\"6c325ae\" data-element_type=\"container\" data-e-type=\"container\">\n\t\t<div class=\"elementor-element elementor-element-508549c e-con-full e-flex e-con e-child\" data-id=\"508549c\" data-element_type=\"container\" data-e-type=\"container\">\n\t\t<div class=\"elementor-element elementor-element-7559de9 e-con-full e-flex elementor-invisible e-con e-child\" data-id=\"7559de9\" data-element_type=\"container\" data-e-type=\"container\" data-settings=\"{&quot;animation&quot;:&quot;fadeInLeft&quot;}\">\n\t\t<div class=\"elementor-element elementor-element-c65b6fc e-con-full e-flex e-con e-child\" data-id=\"c65b6fc\" data-element_type=\"container\" data-e-type=\"container\">\n\t\t\t\t<div class=\"elementor-element elementor-element-737d858 elementor-widget elementor-widget-text-editor\" data-id=\"737d858\" data-element_type=\"widget\" data-e-type=\"widget\" data-widget_type=\"text-editor.default\">\n\t\t\t\t\t\t\t\t\t<h1 style=\"text-align: center;\">Hodinov\u00e1 kamar\u00e1dka<\/h1><p>jednor\u00e1zov\u00e9 setk\u00e1n\u00ed nebo spole\u010dn\u00e1 aktivita<\/p><p>60 minut prostoru jen pro tebe<\/p><p>mo\u017enosti: rozhovor, v\u00fdlet, proch\u00e1zka, reorganizace<\/p><h6 style=\"text-align: center;\">\u201eN\u011bkdy sta\u010d\u00ed jen hodina, abys znovu z\u00edskal\/a s\u00edlu, klid nebo sm\u011br\u201c<\/h6>\t\t\t\t\t\t\t\t<\/div>\n\t\t\t\t<\/div>\n\t\t<div class=\"elementor-element elementor-element-0323f56 e-con-full e-flex e-con e-child\" data-id=\"0323f56\" data-element_type=\"container\" data-e-type=\"container\">\n\t\t\t\t<div class=\"elementor-element elementor-element-44526e6 elementor-widget elementor-widget-text-editor\" data-id=\"44526e6\" data-element_type=\"widget\" data-e-type=\"widget\" data-widget_type=\"text-editor.default\">\n\t\t\t\t\t\t\t\t\t<h3 style=\"text-align: center;\"><strong>Cena: 1 500 K\u010d\/hod<\/strong><\/h3><p style=\"text-align: center;\">(+ p\u0159\u00edpadn\u00e9 n\u00e1klady \u2013 doprava, vstupy apod.)<\/p>\t\t\t\t\t\t\t\t<\/div>\n\t\t\t\t<\/div>\n\t\t\t\t<\/div>\n\t\t\t\t<\/div>\n\t\t<div class=\"elementor-element elementor-element-690d59d e-con-full e-flex e-con e-child\" data-id=\"690d59d\" data-element_type=\"container\" data-e-type=\"container\">\n\t\t\t\t<div class=\"elementor-element elementor-element-a715e64 elementor-widget elementor-widget-image\" data-id=\"a715e64\" data-element_type=\"widget\" data-e-type=\"widget\" data-widget_type=\"image.default\">\n\t\t\t\t\t\t\t\t\t\t\t\t\t\t\t<img loading=\"lazy\" decoding=\"async\" width=\"1024\" height=\"683\" src=\"https:\/\/hodinovakamaradka.cz\/wp-content\/uploads\/2025\/11\/stazeny-soubor-1-1024x683.png\" class=\"attachment-large size-large wp-image-575\" alt=\"\" srcset=\"https:\/\/hodinovakamaradka.cz\/wp-content\/uploads\/2025\/11\/stazeny-soubor-1-1024x683.png 1024w, https:\/\/hodinovakamaradka.cz\/wp-content\/uploads\/2025\/11\/stazeny-soubor-1-300x200.png 300w, https:\/\/hodinovakamaradka.cz\/wp-content\/uploads\/2025\/11\/stazeny-soubor-1-768x512.png 768w, https:\/\/hodinovakamaradka.cz\/wp-content\/uploads\/2025\/11\/stazeny-soubor-1.png 1500w\" sizes=\"(max-width: 1024px) 100vw, 1024px\" \/>\t\t\t\t\t\t\t\t\t\t\t\t\t\t\t<\/div>\n\t\t\t\t<\/div>\n\t\t\t\t<\/div>\n\t\t<div class=\"elementor-element elementor-element-40923e5 e-flex e-con-boxed elementor-invisible e-con e-parent\" data-id=\"40923e5\" data-element_type=\"container\" data-e-type=\"container\" data-settings=\"{&quot;animation&quot;:&quot;zoomInUp&quot;}\">\n\t\t\t\t\t<div class=\"e-con-inner\">\n\t\t\t\t<div class=\"elementor-element elementor-element-3954f7c elementor-widget elementor-widget-text-editor\" data-id=\"3954f7c\" data-element_type=\"widget\" data-e-type=\"widget\" data-widget_type=\"text-editor.default\">\n\t\t\t\t\t\t\t\t\t<h3 style=\"text-align: center;\">Pokud si nejsi jist\u00fd\/\u00e1, kter\u00e1 forma spolupr\u00e1ce je pro tebe ta prav\u00e1, ozvi se. R\u00e1da ti pomohu vybrat cestu, kter\u00e1 t\u011b nejl\u00e9pe podpo\u0159\u00ed pr\u00e1v\u011b te\u010f.<\/h3>\t\t\t\t\t\t\t\t<\/div>\n\t\t\t\t\t<\/div>\n\t\t\t\t<\/div>\n\t\t\t\t<\/div>\n\t\t","protected":false},"excerpt":{"rendered":"<p>NAB\u00cdDKA A CEN\u00cdK Ka\u017ed\u00fd \u010dlov\u011bk pot\u0159ebuje jinou formu podpory. N\u011bkdo hled\u00e1 dlouhodob\u00fd proces, jin\u00fd impuls nebo pravideln\u00fd rytmus. Vyber si cestu, kter\u00e1 pr\u00e1v\u011b te\u010f nejl\u00e9pe odpov\u00edd\u00e1 tomu, co pot\u0159ebuje\u0161. Cesta k sob\u011b Pro ty, kte\u0159\u00ed cht\u011bj\u00ed zm\u011bnu, ale v\u011bd\u00ed, \u017ee opravdov\u00fd posun pot\u0159ebuje \u010das.Spole\u010dn\u011b budeme krok za krokem objevovat, co v tob\u011b d\u00e1v\u00e1 i bere [&hellip;]<\/p>\n","protected":false},"author":2,"featured_media":0,"parent":0,"menu_order":0,"comment_status":"closed","ping_status":"closed","template":"elementor_theme","meta":{"footnotes":""},"class_list":["post-163","page","type-page","status-publish","hentry"],"jetpack_sharing_enabled":true,"_links":{"self":[{"href":"https:\/\/hodinovakamaradka.cz\/index.php\/wp-json\/wp\/v2\/pages\/163","targetHints":{"allow":["GET"]}}],"collection":[{"href":"https:\/\/hodinovakamaradka.cz\/index.php\/wp-json\/wp\/v2\/pages"}],"about":[{"href":"https:\/\/hodinovakamaradka.cz\/index.php\/wp-json\/wp\/v2\/types\/page"}],"author":[{"embeddable":true,"href":"https:\/\/hodinovakamaradka.cz\/index.php\/wp-json\/wp\/v2\/users\/2"}],"replies":[{"embeddable":true,"href":"https:\/\/hodinovakamaradka.cz\/index.php\/wp-json\/wp\/v2\/comments?post=163"}],"version-history":[{"count":106,"href":"https:\/\/hodinovakamaradka.cz\/index.php\/wp-json\/wp\/v2\/pages\/163\/revisions"}],"predecessor-version":[{"id":960,"href":"https:\/\/hodinovakamaradka.cz\/index.php\/wp-json\/wp\/v2\/pages\/163\/revisions\/960"}],"wp:attachment":[{"href":"https:\/\/hodinovakamaradka.cz\/index.php\/wp-json\/wp\/v2\/media?parent=163"}],"curies":[{"name":"wp","href":"https:\/\/api.w.org\/{rel}","templated":true}]}}