{"id":162,"date":"2025-11-06T13:09:51","date_gmt":"2025-11-06T13:09:51","guid":{"rendered":"https:\/\/hodinovakamaradka.cz\/?page_id=162"},"modified":"2025-12-08T18:02:06","modified_gmt":"2025-12-08T18:02:06","slug":"jak-to-probiha","status":"publish","type":"page","link":"https:\/\/hodinovakamaradka.cz\/index.php\/jak-to-probiha\/","title":{"rendered":"Jak to prob\u00edh\u00e1?"},"content":{"rendered":"\t\t<div data-elementor-type=\"wp-page\" data-elementor-id=\"162\" class=\"elementor elementor-162\">\n\t\t\t\t<div class=\"elementor-element elementor-element-7aaf0f48 e-con-full e-flex e-con e-parent\" data-id=\"7aaf0f48\" data-element_type=\"container\" data-e-type=\"container\">\n\t\t\t\t<div class=\"elementor-element elementor-element-59861f93 elementor-widget elementor-widget-heading\" data-id=\"59861f93\" data-element_type=\"widget\" data-e-type=\"widget\" data-widget_type=\"heading.default\">\n\t\t\t\t\t<h2 class=\"elementor-heading-title elementor-size-default\">JAK SPOLUPR\u00c1CE PROB\u00cdH\u00c1\n<\/h2>\t\t\t\t<\/div>\n\t\t\t\t<\/div>\n\t\t<div class=\"elementor-element elementor-element-17450cdb e-con-full e-flex e-con e-parent\" data-id=\"17450cdb\" data-element_type=\"container\" data-e-type=\"container\">\n\t\t<div class=\"elementor-element elementor-element-3442bc5b e-con-full e-flex e-con e-child\" data-id=\"3442bc5b\" data-element_type=\"container\" data-e-type=\"container\">\n\t\t\t\t<div class=\"elementor-element elementor-element-7e8c147e elementor-widget elementor-widget-image\" data-id=\"7e8c147e\" data-element_type=\"widget\" data-e-type=\"widget\" data-widget_type=\"image.default\">\n\t\t\t\t\t\t\t\t\t\t\t\t\t\t\t<img fetchpriority=\"high\" decoding=\"async\" width=\"1024\" height=\"683\" src=\"https:\/\/hodinovakamaradka.cz\/wp-content\/uploads\/2025\/11\/sluzby_knihovna-1024x683.jpg\" class=\"attachment-large size-large wp-image-647\" alt=\"\" srcset=\"https:\/\/hodinovakamaradka.cz\/wp-content\/uploads\/2025\/11\/sluzby_knihovna-1024x683.jpg 1024w, https:\/\/hodinovakamaradka.cz\/wp-content\/uploads\/2025\/11\/sluzby_knihovna-300x200.jpg 300w, https:\/\/hodinovakamaradka.cz\/wp-content\/uploads\/2025\/11\/sluzby_knihovna-768x512.jpg 768w, https:\/\/hodinovakamaradka.cz\/wp-content\/uploads\/2025\/11\/sluzby_knihovna-1536x1024.jpg 1536w, https:\/\/hodinovakamaradka.cz\/wp-content\/uploads\/2025\/11\/sluzby_knihovna.jpg 1600w\" sizes=\"(max-width: 1024px) 100vw, 1024px\" \/>\t\t\t\t\t\t\t\t\t\t\t\t\t\t\t<\/div>\n\t\t\t\t<\/div>\n\t\t<div class=\"elementor-element elementor-element-6cd7e68d e-con-full e-flex elementor-invisible e-con e-child\" data-id=\"6cd7e68d\" data-element_type=\"container\" data-e-type=\"container\" data-settings=\"{&quot;animation&quot;:&quot;fadeInRight&quot;}\">\n\t\t\t\t<div class=\"elementor-element elementor-element-5794da1e elementor-widget elementor-widget-text-editor\" data-id=\"5794da1e\" data-element_type=\"widget\" data-e-type=\"widget\" data-widget_type=\"text-editor.default\">\n\t\t\t\t\t\t\t\t\t<h1 style=\"text-align: center;\">Pro\u010d osobn\u011b &#8211; ne online<\/h1><p><span style=\"font-family: caudex;\">V dob\u011b, kdy jsme v\u0161ichni neust\u00e1le na telefonu, u obrazovky a v p\u0159ipojen\u00ed \u2013 jsme p\u0159itom \u010dasto nejv\u00edc odpojeni. Od sebe. Od druh\u00fdch. Od t\u011bla. Proto tuhle slu\u017ebu nab\u00edz\u00edm p\u0159edev\u0161\u00edm osobn\u011b.<\/span><\/p><p><span style=\"font-family: caudex;\">V\u011b\u0159\u00edm v s\u00edlu lidsk\u00e9ho setk\u00e1n\u00ed. Ve chv\u00edli, kdy n\u011bkoho opravdu vn\u00edm\u00e1\u0161, vid\u00ed\u0161 ho v o\u010d\u00edch, sly\u0161\u00ed\u0161 jeho dech, m\u016f\u017ee\u0161 ml\u010det a p\u0159esto b\u00fdt spolu.<\/span><\/p><p><span style=\"font-family: caudex;\">Online sv\u011bt m\u00e1 sv\u00e9 v\u00fdhody, ale bl\u00edzkost se p\u0159es obrazovku ned\u00e1 nahradit. Nejsem dal\u0161\u00ed program v kalend\u00e1\u0159i nebo dal\u0161\u00ed obraz v \u0159ad\u011b call\u016f.<\/span><\/p><p><span style=\"font-family: caudex;\">Jsem \u010dlov\u011bk, kter\u00fd si s tebou sedne, projde se s tebou, uklid\u00ed ti sk\u0159\u00ed\u0148, d\u00e1 ti kafe nebo t\u011b obejme, kdy\u017e to pot\u0159ebuje\u0161.<\/span><\/p><p><span style=\"font-family: caudex;\">Tohle nen\u00ed online konzultace. Je to opravdov\u00fd \u010das ve dvou \u2013 tady a te\u010f.\u200b\u200b<\/span><\/p><p>V p\u0159\u00edpad\u011b pot\u0159eby (vzd\u00e1lenost, nemoc, testovac\u00ed setk\u00e1n\u00ed) je mo\u017en\u00e9 domluvit online variantu \u2013 ale preferuji osobn\u00ed kontakt, kde se toho d\u011bje mnohem v\u00edc ne\u017e jen rozhovor.<\/p>\t\t\t\t\t\t\t\t<\/div>\n\t\t\t\t<\/div>\n\t\t\t\t<\/div>\n\t\t<div class=\"elementor-element elementor-element-1c11a3a5 e-con-full e-flex e-con e-parent\" data-id=\"1c11a3a5\" data-element_type=\"container\" data-e-type=\"container\">\n\t\t<div class=\"elementor-element elementor-element-63784d4c e-con-full e-flex elementor-invisible e-con e-child\" data-id=\"63784d4c\" data-element_type=\"container\" data-e-type=\"container\" data-settings=\"{&quot;animation&quot;:&quot;fadeInLeft&quot;}\">\n\t\t\t\t<div class=\"elementor-element elementor-element-6120075 elementor-widget elementor-widget-text-editor\" data-id=\"6120075\" data-element_type=\"widget\" data-e-type=\"widget\" data-widget_type=\"text-editor.default\">\n\t\t\t\t\t\t\t\t\t<h4 class=\"font_0 wixui-rich-text__text\" style=\"text-align: center;\"><span class=\"wixui-rich-text__text\">Jsem k dispozici jako spolehliv\u00e1, empatick\u00e1 a p\u0159\u00edm\u00e1 opora \u2013 na hodinu, dv\u011b, nebo pravideln\u011b.<\/span><\/h4><ul class=\"font_8 wixui-rich-text__text\"><li class=\"wixui-rich-text__text\"><p class=\"font_8 wixui-rich-text__text\"><span class=\"wixui-rich-text__text\">Za\u010dneme \u00favodn\u00ed 30minutovou konzultac\u00ed zdarma \u2013 pozn\u00e1me se, m\u016f\u017ee b\u00fdt i online.<\/span><\/p><\/li><li class=\"wixui-rich-text__text\"><p class=\"font_8 wixui-rich-text__text\"><span class=\"wixui-rich-text__text\">Pokud si sedneme, domluv\u00edme se na d\u00e9lce a form\u011b spolupr\u00e1ce.<\/span><\/p><\/li><li class=\"wixui-rich-text__text\"><p class=\"font_8 wixui-rich-text__text\"><span class=\"wixui-rich-text__text\">Spole\u010dn\u00fd \u010das m\u016f\u017ee b\u00fdt rozhovor, sd\u00edlen\u00ed, v\u00fdlet, pohyb, reorganizace, cvi\u010den\u00ed<\/span><\/p><\/li><li class=\"wixui-rich-text__text\"><p class=\"font_8 wixui-rich-text__text\"><span class=\"wixui-rich-text__text\">Ne\u0159e\u0161\u00edme to, co \u201eby se m\u011blo\u201c. \u0158e\u0161\u00edme to, co pr\u00e1v\u011b pot\u0159ebuje\u0161 anebo chce\u0161.<\/span><\/p><\/li><li class=\"wixui-rich-text__text\"><p class=\"font_8 wixui-rich-text__text\"><span class=\"wixui-rich-text__text\">Setk\u00e1n\u00ed prob\u00edhaj\u00ed osobn\u011b \u2013 v Praze a okol\u00ed.<\/span><\/p><\/li><li class=\"wixui-rich-text__text\"><p class=\"font_8 wixui-rich-text__text\"><span class=\"wixui-rich-text__text\">Plat\u00ed se p\u0159edem, podle domluven\u00e9ho bal\u00ed\u010dku.<\/span><\/p><\/li><li class=\"wixui-rich-text__text\"><p class=\"font_8 wixui-rich-text__text\"><span class=\"wixui-rich-text__text\">V\u0161e je postaven\u00e9 na d\u016fv\u011b\u0159e, vz\u00e1jemn\u00e9m respektu a otev\u0159enosti.<\/span><\/p><\/li><\/ul>\t\t\t\t\t\t\t\t<\/div>\n\t\t\t\t<\/div>\n\t\t<div class=\"elementor-element elementor-element-3877436 e-con-full e-flex e-con e-child\" data-id=\"3877436\" data-element_type=\"container\" data-e-type=\"container\" data-settings=\"{&quot;animation&quot;:&quot;none&quot;}\">\n\t\t\t\t<div class=\"elementor-element elementor-element-456ab03c elementor-widget elementor-widget-image\" data-id=\"456ab03c\" data-element_type=\"widget\" data-e-type=\"widget\" data-widget_type=\"image.default\">\n\t\t\t\t\t\t\t\t\t\t\t\t\t\t\t<img decoding=\"async\" width=\"1024\" height=\"683\" src=\"https:\/\/hodinovakamaradka.cz\/wp-content\/uploads\/2025\/11\/stazeny-soubor-3-1024x683.png\" class=\"attachment-large size-large wp-image-589\" alt=\"\" srcset=\"https:\/\/hodinovakamaradka.cz\/wp-content\/uploads\/2025\/11\/stazeny-soubor-3-1024x683.png 1024w, https:\/\/hodinovakamaradka.cz\/wp-content\/uploads\/2025\/11\/stazeny-soubor-3-300x200.png 300w, https:\/\/hodinovakamaradka.cz\/wp-content\/uploads\/2025\/11\/stazeny-soubor-3-768x512.png 768w, https:\/\/hodinovakamaradka.cz\/wp-content\/uploads\/2025\/11\/stazeny-soubor-3-1536x1024.png 1536w, https:\/\/hodinovakamaradka.cz\/wp-content\/uploads\/2025\/11\/stazeny-soubor-3.png 1600w\" sizes=\"(max-width: 1024px) 100vw, 1024px\" \/>\t\t\t\t\t\t\t\t\t\t\t\t\t\t\t<\/div>\n\t\t\t\t<\/div>\n\t\t\t\t<\/div>\n\t\t\t\t<\/div>\n\t\t","protected":false},"excerpt":{"rendered":"<p>JAK SPOLUPR\u00c1CE PROB\u00cdH\u00c1 Pro\u010d osobn\u011b &#8211; ne online V dob\u011b, kdy jsme v\u0161ichni neust\u00e1le na telefonu, u obrazovky a v p\u0159ipojen\u00ed \u2013 jsme p\u0159itom \u010dasto nejv\u00edc odpojeni. Od sebe. Od druh\u00fdch. Od t\u011bla. Proto tuhle slu\u017ebu nab\u00edz\u00edm p\u0159edev\u0161\u00edm osobn\u011b. V\u011b\u0159\u00edm v s\u00edlu lidsk\u00e9ho setk\u00e1n\u00ed. Ve chv\u00edli, kdy n\u011bkoho opravdu vn\u00edm\u00e1\u0161, vid\u00ed\u0161 ho v o\u010d\u00edch, sly\u0161\u00ed\u0161 [&hellip;]<\/p>\n","protected":false},"author":2,"featured_media":0,"parent":0,"menu_order":0,"comment_status":"closed","ping_status":"closed","template":"elementor_theme","meta":{"footnotes":""},"class_list":["post-162","page","type-page","status-publish","hentry"],"jetpack_sharing_enabled":true,"_links":{"self":[{"href":"https:\/\/hodinovakamaradka.cz\/index.php\/wp-json\/wp\/v2\/pages\/162","targetHints":{"allow":["GET"]}}],"collection":[{"href":"https:\/\/hodinovakamaradka.cz\/index.php\/wp-json\/wp\/v2\/pages"}],"about":[{"href":"https:\/\/hodinovakamaradka.cz\/index.php\/wp-json\/wp\/v2\/types\/page"}],"author":[{"embeddable":true,"href":"https:\/\/hodinovakamaradka.cz\/index.php\/wp-json\/wp\/v2\/users\/2"}],"replies":[{"embeddable":true,"href":"https:\/\/hodinovakamaradka.cz\/index.php\/wp-json\/wp\/v2\/comments?post=162"}],"version-history":[{"count":76,"href":"https:\/\/hodinovakamaradka.cz\/index.php\/wp-json\/wp\/v2\/pages\/162\/revisions"}],"predecessor-version":[{"id":957,"href":"https:\/\/hodinovakamaradka.cz\/index.php\/wp-json\/wp\/v2\/pages\/162\/revisions\/957"}],"wp:attachment":[{"href":"https:\/\/hodinovakamaradka.cz\/index.php\/wp-json\/wp\/v2\/media?parent=162"}],"curies":[{"name":"wp","href":"https:\/\/api.w.org\/{rel}","templated":true}]}}